{"id":26,"date":"2023-06-05T15:24:44","date_gmt":"2023-06-05T15:24:44","guid":{"rendered":"https:\/\/maleccy.com\/?page_id=26"},"modified":"2025-07-28T11:36:39","modified_gmt":"2025-07-28T11:36:39","slug":"o-nas","status":"publish","type":"page","link":"https:\/\/maleccy.com\/en\/o-nas\/","title":{"rendered":"O nas"},"content":{"rendered":"<div data-elementor-type=\"wp-page\" data-elementor-id=\"26\" class=\"elementor elementor-26\">\n\t\t\t\t\t\t\t\t\t<section class=\"elementor-section elementor-top-section elementor-element elementor-element-4c80b65 elementor-section-boxed elementor-section-height-default elementor-section-height-default\" data-id=\"4c80b65\" data-element_type=\"section\" data-settings=\"{&quot;_ha_eqh_enable&quot;:false}\">\n\t\t\t\t\t\t<div class=\"elementor-container elementor-column-gap-default\">\n\t\t\t\t\t<div class=\"elementor-column elementor-col-50 elementor-top-column elementor-element elementor-element-360a4b8\" data-id=\"360a4b8\" data-element_type=\"column\">\n\t\t\t<div class=\"elementor-widget-wrap elementor-element-populated\">\n\t\t\t\t\t\t\t\t<div class=\"elementor-element elementor-element-c76acb5 elementor-widget elementor-widget-image\" data-id=\"c76acb5\" data-element_type=\"widget\" data-widget_type=\"image.default\">\n\t\t\t\t<div class=\"elementor-widget-container\">\n\t\t\t<style>\/*! elementor - v3.14.0 - 18-06-2023 *\/\n.elementor-widget-image{text-align:center}.elementor-widget-image a{display:inline-block}.elementor-widget-image a img[src$=\".svg\"]{width:48px}.elementor-widget-image img{vertical-align:middle;display:inline-block}<\/style>\t\t\t\t\t\t\t\t\t\t\t\t<img loading=\"lazy\" decoding=\"async\" width=\"1024\" height=\"645\" src=\"https:\/\/maleccy.com\/wp-content\/uploads\/2025\/07\/czb-1-1024x645.jpg\" class=\"attachment-large size-large wp-image-7474\" alt=\"\" srcset=\"https:\/\/maleccy.com\/wp-content\/uploads\/2025\/07\/czb-1-1024x645.jpg 1024w, https:\/\/maleccy.com\/wp-content\/uploads\/2025\/07\/czb-1-300x189.jpg 300w, https:\/\/maleccy.com\/wp-content\/uploads\/2025\/07\/czb-1-768x484.jpg 768w, https:\/\/maleccy.com\/wp-content\/uploads\/2025\/07\/czb-1-1536x968.jpg 1536w, https:\/\/maleccy.com\/wp-content\/uploads\/2025\/07\/czb-1-2048x1290.jpg 2048w, https:\/\/maleccy.com\/wp-content\/uploads\/2025\/07\/czb-1-18x12.jpg 18w\" sizes=\"auto, (max-width: 1024px) 100vw, 1024px\" \/>\t\t\t\t\t\t\t\t\t\t\t\t\t\t\t<\/div>\n\t\t\t\t<\/div>\n\t\t\t\t\t<\/div>\n\t\t<\/div>\n\t\t\t\t<div class=\"elementor-column elementor-col-50 elementor-top-column elementor-element elementor-element-9376d9f\" data-id=\"9376d9f\" data-element_type=\"column\">\n\t\t\t<div class=\"elementor-widget-wrap elementor-element-populated\">\n\t\t\t\t\t\t\t\t<div class=\"elementor-element elementor-element-fb731f7 elementor-widget__width-initial elementor-widget elementor-widget-text-editor\" data-id=\"fb731f7\" data-element_type=\"widget\" data-widget_type=\"text-editor.default\">\n\t\t\t\t<div class=\"elementor-widget-container\">\n\t\t\t<style>\/*! elementor - v3.14.0 - 18-06-2023 *\/\n.elementor-widget-text-editor.elementor-drop-cap-view-stacked .elementor-drop-cap{background-color:#69727d;color:#fff}.elementor-widget-text-editor.elementor-drop-cap-view-framed .elementor-drop-cap{color:#69727d;border:3px solid;background-color:transparent}.elementor-widget-text-editor:not(.elementor-drop-cap-view-default) .elementor-drop-cap{margin-top:8px}.elementor-widget-text-editor:not(.elementor-drop-cap-view-default) .elementor-drop-cap-letter{width:1em;height:1em}.elementor-widget-text-editor .elementor-drop-cap{float:left;text-align:center;line-height:1;font-size:50px}.elementor-widget-text-editor .elementor-drop-cap-letter{display:inline-block}<\/style>\t\t\t\t\t\t\t\t\t\t<\/div>\n\t\t\t\t<\/div>\n\t\t\t\t<div class=\"elementor-element elementor-element-6d2a8d8 elementor-widget elementor-widget-text-editor\" data-id=\"6d2a8d8\" data-element_type=\"widget\" data-widget_type=\"text-editor.default\">\n\t\t\t\t<div class=\"elementor-widget-container\">\n\t\t\t\t\t\t\t<p><strong><br><\/strong><\/p>\n<p><strong>MA\u0141ECCY architectural office&nbsp;<\/strong>architectural office has been operating since 1995&nbsp;<\/p>\n<p><br><\/p>\n<p><strong>Joanna i Wojciech Ma\u0142eccy<\/strong>&nbsp;are one of the most interesting architectural duos of recent years. They are co-authors of the world's best building using ceramics - the seat of Radio and TV in Katowice, as well as the award-winning Nowy Weron residential building in Ruda \u015al\u0105ska, which is a modern vision of a Silesian \"family house\".<\/p>\n<p><br><\/p>\n<p>Biuro&nbsp;w swoich projektach&nbsp;od lat czerpie inspiracje z \u015al\u0105skiej tradycji zmierzaj\u0105c si\u0119 w swoich projektach z osi\u0105gnieciami, a tak\u017ce problemami tego regionu, traktuj\u0105c je jako dizajnerskie wyzwania.<\/p>\n<p><br><\/p>\n<p>A multi-branch design team responds to the needs of individual and public clients by providing services in the field of designing cubature objects, urban spaces and interiors, implemented in the country and abroad<\/p>\n<p><br><\/p>\n<p>The wide range of clients includes, among others: : ECHO Investment S.A., TDJ Estate, Wary\u0144ski SA, UM. W\u0142oc\u0142awek, Millenium Inwestycje Sp z o.o., Ministry of Foreign Affairs of the Republic of Poland, City Hall of the Capital City of Warsaw, University of Silesia, Silesian University of Technology, MGSM Perspektywa, City Hall in Rybnik, Intermarche Polska, Sony Center, Rossmann Sp. Z o.o., ING Bank \u015al\u0105ski, Eurobank S.A., Alior Bank S.A., BP Polska Sp. z o.o., Orlen S.A., and a wide range of institutional and private investors.<\/p>\t\t\t\t\t\t<\/div>\n\t\t\t\t<\/div>\n\t\t\t\t\t<\/div>\n\t\t<\/div>\n\t\t\t\t\t\t\t<\/div>\n\t\t<\/section>\n\t\t\t\t<section class=\"elementor-section elementor-top-section elementor-element elementor-element-1e07f2a elementor-section-boxed elementor-section-height-default elementor-section-height-default\" data-id=\"1e07f2a\" data-element_type=\"section\" data-settings=\"{&quot;_ha_eqh_enable&quot;:false}\">\n\t\t\t\t\t\t<div class=\"elementor-container elementor-column-gap-default\">\n\t\t\t\t\t<div class=\"elementor-column elementor-col-50 elementor-top-column elementor-element elementor-element-49314ce\" data-id=\"49314ce\" data-element_type=\"column\">\n\t\t\t<div class=\"elementor-widget-wrap\">\n\t\t\t\t\t\t\t\t\t<\/div>\n\t\t<\/div>\n\t\t\t\t<div class=\"elementor-column elementor-col-50 elementor-top-column elementor-element elementor-element-5b64e0e\" data-id=\"5b64e0e\" data-element_type=\"column\">\n\t\t\t<div class=\"elementor-widget-wrap elementor-element-populated\">\n\t\t\t\t\t\t\t\t<div class=\"elementor-element elementor-element-1817244 elementor-widget elementor-widget-heading\" data-id=\"1817244\" data-element_type=\"widget\" data-widget_type=\"heading.default\">\n\t\t\t\t<div class=\"elementor-widget-container\">\n\t\t\t<style>\/*! elementor - v3.14.0 - 18-06-2023 *\/\n.elementor-heading-title{padding:0;margin:0;line-height:1}.elementor-widget-heading .elementor-heading-title[class*=elementor-size-]>a{color:inherit;font-size:inherit;line-height:inherit}.elementor-widget-heading .elementor-heading-title.elementor-size-small{font-size:15px}.elementor-widget-heading .elementor-heading-title.elementor-size-medium{font-size:19px}.elementor-widget-heading .elementor-heading-title.elementor-size-large{font-size:29px}.elementor-widget-heading .elementor-heading-title.elementor-size-xl{font-size:39px}.elementor-widget-heading .elementor-heading-title.elementor-size-xxl{font-size:59px}<\/style><h2 class=\"elementor-heading-title elementor-size-default\">AWARDS<\/h2>\t\t<\/div>\n\t\t\t\t<\/div>\n\t\t\t\t<div class=\"elementor-element elementor-element-3590533 elementor-widget-laptop__width-initial elementor-widget elementor-widget-heading\" data-id=\"3590533\" data-element_type=\"widget\" data-widget_type=\"heading.default\">\n\t\t\t\t<div class=\"elementor-widget-container\">\n\t\t\t<p class=\"elementor-heading-title elementor-size-default\">_2025_ PROPERTY DESIGN AWARDS<\/p>\t\t<\/div>\n\t\t\t\t<\/div>\n\t\t\t\t<div class=\"elementor-element elementor-element-2c839ac elementor-widget elementor-widget-heading\" data-id=\"2c839ac\" data-element_type=\"widget\" data-widget_type=\"heading.default\">\n\t\t\t\t<div class=\"elementor-widget-container\">\n\t\t\t<p class=\"elementor-heading-title elementor-size-default\">award in the single-family house category for the dom_619 project <\/p>\t\t<\/div>\n\t\t\t\t<\/div>\n\t\t\t\t<div class=\"elementor-element elementor-element-c07b98a elementor-widget-laptop__width-initial elementor-widget elementor-widget-heading\" data-id=\"c07b98a\" data-element_type=\"widget\" data-widget_type=\"heading.default\">\n\t\t\t\t<div class=\"elementor-widget-container\">\n\t\t\t<p class=\"elementor-heading-title elementor-size-default\">_2024_ LIDER DOST\u0118PNO\u015aCI_ FINA\u0141<\/p>\t\t<\/div>\n\t\t\t\t<\/div>\n\t\t\t\t<div class=\"elementor-element elementor-element-841df60 elementor-widget elementor-widget-heading\" data-id=\"841df60\" data-element_type=\"widget\" data-widget_type=\"heading.default\">\n\t\t\t\t<div class=\"elementor-widget-container\">\n\t\t\t<p class=\"elementor-heading-title elementor-size-default\">for the project of revitalization of the former canteen of \"Huta Pokoj\" for the needs of ING <\/p>\t\t<\/div>\n\t\t\t\t<\/div>\n\t\t\t\t<div class=\"elementor-element elementor-element-e020cce elementor-widget-laptop__width-initial elementor-widget elementor-widget-heading\" data-id=\"e020cce\" data-element_type=\"widget\" data-widget_type=\"heading.default\">\n\t\t\t\t<div class=\"elementor-widget-container\">\n\t\t\t<p class=\"elementor-heading-title elementor-size-default\">_2024_ NAGRODA ARCHITEKTONICZNA POLITYKI _ FINA\u0141<\/p>\t\t<\/div>\n\t\t\t\t<\/div>\n\t\t\t\t<div class=\"elementor-element elementor-element-9ead30f elementor-widget elementor-widget-heading\" data-id=\"9ead30f\" data-element_type=\"widget\" data-widget_type=\"heading.default\">\n\t\t\t\t<div class=\"elementor-widget-container\">\n\t\t\t<p class=\"elementor-heading-title elementor-size-default\">for the project of revitalization of the former canteen of \"Huta Pokoj\" for the needs of ING <\/p>\t\t<\/div>\n\t\t\t\t<\/div>\n\t\t\t\t<div class=\"elementor-element elementor-element-c5fd30d elementor-widget-laptop__width-initial elementor-widget elementor-widget-heading\" data-id=\"c5fd30d\" data-element_type=\"widget\" data-widget_type=\"heading.default\">\n\t\t\t\t<div class=\"elementor-widget-container\">\n\t\t\t<p class=\"elementor-heading-title elementor-size-default\">_2023_  ARCHITEKTURA ROKU WOJEW\u00d3DZTWA \u015aL\u0104SKIEGO <\/p>\t\t<\/div>\n\t\t\t\t<\/div>\n\t\t\t\t<div class=\"elementor-element elementor-element-d063262 elementor-widget elementor-widget-heading\" data-id=\"d063262\" data-element_type=\"widget\" data-widget_type=\"heading.default\">\n\t\t\t\t<div class=\"elementor-widget-container\">\n\t\t\t<p class=\"elementor-heading-title elementor-size-default\">distinction for the revitalization project of the former \"Huta Pokoj\" canteen for ING <\/p>\t\t<\/div>\n\t\t\t\t<\/div>\n\t\t\t\t<div class=\"elementor-element elementor-element-b5fa9fd elementor-widget-laptop__width-initial elementor-widget elementor-widget-heading\" data-id=\"b5fa9fd\" data-element_type=\"widget\" data-widget_type=\"heading.default\">\n\t\t\t\t<div class=\"elementor-widget-container\">\n\t\t\t<p class=\"elementor-heading-title elementor-size-default\">_2023_ POLSKI CEMENT W ARCHITEKTURZE<\/p>\t\t<\/div>\n\t\t\t\t<\/div>\n\t\t\t\t<div class=\"elementor-element elementor-element-0bd8980 elementor-widget elementor-widget-heading\" data-id=\"0bd8980\" data-element_type=\"widget\" data-widget_type=\"heading.default\">\n\t\t\t\t<div class=\"elementor-widget-container\">\n\t\t\t<p class=\"elementor-heading-title elementor-size-default\">final of the competition for the design of a single-family house - Szajter<\/p>\t\t<\/div>\n\t\t\t\t<\/div>\n\t\t\t\t<div class=\"elementor-element elementor-element-deefe5a elementor-widget-laptop__width-initial elementor-widget elementor-widget-heading\" data-id=\"deefe5a\" data-element_type=\"widget\" data-widget_type=\"heading.default\">\n\t\t\t\t<div class=\"elementor-widget-container\">\n\t\t\t<p class=\"elementor-heading-title elementor-size-default\">_2022_ NOMINATION EU  Mies Award 22<\/p>\t\t<\/div>\n\t\t\t\t<\/div>\n\t\t\t\t<div class=\"elementor-element elementor-element-105a18e elementor-widget elementor-widget-heading\" data-id=\"105a18e\" data-element_type=\"widget\" data-widget_type=\"heading.default\">\n\t\t\t\t<div class=\"elementor-widget-container\">\n\t\t\t<p class=\"elementor-heading-title elementor-size-default\">European Union award in the competition of contemporary architecture named after Mies van der Rohe <br>multi-family housing Nowy Werdon in Ruda \u015al\u0105ska <\/p>\t\t<\/div>\n\t\t\t\t<\/div>\n\t\t\t\t<div class=\"elementor-element elementor-element-8e6a197 elementor-widget-laptop__width-initial elementor-widget elementor-widget-heading\" data-id=\"8e6a197\" data-element_type=\"widget\" data-widget_type=\"heading.default\">\n\t\t\t\t<div class=\"elementor-widget-container\">\n\t\t\t<p class=\"elementor-heading-title elementor-size-default\">_2020_ GRAN PRIX Architecture of the Silesian Voivodeship 2020 <\/p>\t\t<\/div>\n\t\t\t\t<\/div>\n\t\t\t\t<div class=\"elementor-element elementor-element-928c396 elementor-widget elementor-widget-heading\" data-id=\"928c396\" data-element_type=\"widget\" data-widget_type=\"heading.default\">\n\t\t\t\t<div class=\"elementor-widget-container\">\n\t\t\t<p class=\"elementor-heading-title elementor-size-default\">multi-family housing Nowy Werdon in Ruda \u015al\u0105ska<\/p>\t\t<\/div>\n\t\t\t\t<\/div>\n\t\t\t\t<div class=\"elementor-element elementor-element-027e74f elementor-widget-laptop__width-initial elementor-widget elementor-widget-heading\" data-id=\"027e74f\" data-element_type=\"widget\" data-widget_type=\"heading.default\">\n\t\t\t\t<div class=\"elementor-widget-container\">\n\t\t\t<p class=\"elementor-heading-title elementor-size-default\">_2020_ AWARD Architecture of the Silesian Voivodeship 2020 <\/p>\t\t<\/div>\n\t\t\t\t<\/div>\n\t\t\t\t<div class=\"elementor-element elementor-element-ddf762b elementor-widget elementor-widget-heading\" data-id=\"ddf762b\" data-element_type=\"widget\" data-widget_type=\"heading.default\">\n\t\t\t\t<div class=\"elementor-widget-container\">\n\t\t\t<p class=\"elementor-heading-title elementor-size-default\">multi-family housing Nowy Werdon in Ruda \u015al\u0105ska <\/p>\t\t<\/div>\n\t\t\t\t<\/div>\n\t\t\t\t<div class=\"elementor-element elementor-element-31e2eb3 elementor-widget-laptop__width-initial elementor-widget elementor-widget-heading\" data-id=\"31e2eb3\" data-element_type=\"widget\" data-widget_type=\"heading.default\">\n\t\t\t\t<div class=\"elementor-widget-container\">\n\t\t\t<p class=\"elementor-heading-title elementor-size-default\">_2020_ AWARD of the Minister of Development and Technology <\/p>\t\t<\/div>\n\t\t\t\t<\/div>\n\t\t\t\t<div class=\"elementor-element elementor-element-45ab434 elementor-widget elementor-widget-heading\" data-id=\"45ab434\" data-element_type=\"widget\" data-widget_type=\"heading.default\">\n\t\t\t\t<div class=\"elementor-widget-container\">\n\t\t\t<p class=\"elementor-heading-title elementor-size-default\">for outstanding creative achievements in the field of architecture and urban planning <\/p>\t\t<\/div>\n\t\t\t\t<\/div>\n\t\t\t\t<div class=\"elementor-element elementor-element-6cb04d5 elementor-widget-laptop__width-initial elementor-widget elementor-widget-heading\" data-id=\"6cb04d5\" data-element_type=\"widget\" data-widget_type=\"heading.default\">\n\t\t\t\t<div class=\"elementor-widget-container\">\n\t\t\t<p class=\"elementor-heading-title elementor-size-default\">_2020_ FINA\u0141 EU Mies Award 20<\/p>\t\t<\/div>\n\t\t\t\t<\/div>\n\t\t\t\t<div class=\"elementor-element elementor-element-9d8c244 elementor-widget elementor-widget-heading\" data-id=\"9d8c244\" data-element_type=\"widget\" data-widget_type=\"heading.default\">\n\t\t\t\t<div class=\"elementor-widget-container\">\n\t\t\t<p class=\"elementor-heading-title elementor-size-default\">European Union award in the competition of contemporary architecture named after Mies van der Rohe <br>Wydzia\u0142 Radia i Telewizji Uniwersytetu \u015al\u0105skiego w Katowicach <\/p>\t\t<\/div>\n\t\t\t\t<\/div>\n\t\t\t\t<div class=\"elementor-element elementor-element-ae3d0ac elementor-widget-laptop__width-initial elementor-widget elementor-widget-heading\" data-id=\"ae3d0ac\" data-element_type=\"widget\" data-widget_type=\"heading.default\">\n\t\t\t\t<div class=\"elementor-widget-container\">\n\t\t\t<p class=\"elementor-heading-title elementor-size-default\">_2020_ GRAND PRIZE Brick Award 2020<\/p>\t\t<\/div>\n\t\t\t\t<\/div>\n\t\t\t\t<div class=\"elementor-element elementor-element-b4aac61 elementor-widget elementor-widget-heading\" data-id=\"b4aac61\" data-element_type=\"widget\" data-widget_type=\"heading.default\">\n\t\t\t\t<div class=\"elementor-widget-container\">\n\t\t\t<p class=\"elementor-heading-title elementor-size-default\">Silesia University`s Radio and TV Departament in Katowice<\/p>\t\t<\/div>\n\t\t\t\t<\/div>\n\t\t\t\t<div class=\"elementor-element elementor-element-36a34f7 elementor-widget-laptop__width-initial elementor-widget elementor-widget-heading\" data-id=\"36a34f7\" data-element_type=\"widget\" data-widget_type=\"heading.default\">\n\t\t\t\t<div class=\"elementor-widget-container\">\n\t\t\t<p class=\"elementor-heading-title elementor-size-default\">_2019_ AWARD Be GREEEEN AWARD<\/p>\t\t<\/div>\n\t\t\t\t<\/div>\n\t\t\t\t<div class=\"elementor-element elementor-element-2106dcc elementor-widget elementor-widget-heading\" data-id=\"2106dcc\" data-element_type=\"widget\" data-widget_type=\"heading.default\">\n\t\t\t\t<div class=\"elementor-widget-container\">\n\t\t\t<p class=\"elementor-heading-title elementor-size-default\">in the category of the best ecological public utility building<\/p>\t\t<\/div>\n\t\t\t\t<\/div>\n\t\t\t\t<div class=\"elementor-element elementor-element-42a0c0d elementor-widget-laptop__width-initial elementor-widget elementor-widget-heading\" data-id=\"42a0c0d\" data-element_type=\"widget\" data-widget_type=\"heading.default\">\n\t\t\t\t<div class=\"elementor-widget-container\">\n\t\t\t<p class=\"elementor-heading-title elementor-size-default\">_2019_ AWARD Medal of prof. Zygmunt Majerski<\/p>\t\t<\/div>\n\t\t\t\t<\/div>\n\t\t\t\t<div class=\"elementor-element elementor-element-1029256 elementor-widget elementor-widget-heading\" data-id=\"1029256\" data-element_type=\"widget\" data-widget_type=\"heading.default\">\n\t\t\t\t<div class=\"elementor-widget-container\">\n\t\t\t<p class=\"elementor-heading-title elementor-size-default\">for recognition of merits for the Silesian region in the field of architecture and urban planning<\/p>\t\t<\/div>\n\t\t\t\t<\/div>\n\t\t\t\t<div class=\"elementor-element elementor-element-4cba934 elementor-widget-laptop__width-initial elementor-widget elementor-widget-heading\" data-id=\"4cba934\" data-element_type=\"widget\" data-widget_type=\"heading.default\">\n\t\t\t\t<div class=\"elementor-widget-container\">\n\t\t\t<p class=\"elementor-heading-title elementor-size-default\">_2019_ GRAND PRIZE Brick Award 2019<\/p>\t\t<\/div>\n\t\t\t\t<\/div>\n\t\t\t\t<div class=\"elementor-element elementor-element-cfa9875 elementor-widget elementor-widget-heading\" data-id=\"cfa9875\" data-element_type=\"widget\" data-widget_type=\"heading.default\">\n\t\t\t\t<div class=\"elementor-widget-container\">\n\t\t\t<p class=\"elementor-heading-title elementor-size-default\">Silesia University`s Radio and TV Departament in Katowice<\/p>\t\t<\/div>\n\t\t\t\t<\/div>\n\t\t\t\t<div class=\"elementor-element elementor-element-9d23ce3 elementor-widget-laptop__width-initial elementor-widget elementor-widget-heading\" data-id=\"9d23ce3\" data-element_type=\"widget\" data-widget_type=\"heading.default\">\n\t\t\t\t<div class=\"elementor-widget-container\">\n\t\t\t<p class=\"elementor-heading-title elementor-size-default\">_2018_ GRAND PRIX SARP<\/p>\t\t<\/div>\n\t\t\t\t<\/div>\n\t\t\t\t<div class=\"elementor-element elementor-element-665a92d elementor-widget elementor-widget-heading\" data-id=\"665a92d\" data-element_type=\"widget\" data-widget_type=\"heading.default\">\n\t\t\t\t<div class=\"elementor-widget-container\">\n\t\t\t<p class=\"elementor-heading-title elementor-size-default\">Department of Radio and Television in Katowice <\/p>\t\t<\/div>\n\t\t\t\t<\/div>\n\t\t\t\t<div class=\"elementor-element elementor-element-8019178 elementor-widget-laptop__width-initial elementor-widget elementor-widget-heading\" data-id=\"8019178\" data-element_type=\"widget\" data-widget_type=\"heading.default\">\n\t\t\t\t<div class=\"elementor-widget-container\">\n\t\t\t<p class=\"elementor-heading-title elementor-size-default\">_2017_BRY\u0141A ROKU 2017<\/p>\t\t<\/div>\n\t\t\t\t<\/div>\n\t\t\t\t<div class=\"elementor-element elementor-element-efecc05 elementor-widget elementor-widget-heading\" data-id=\"efecc05\" data-element_type=\"widget\" data-widget_type=\"heading.default\">\n\t\t\t\t<div class=\"elementor-widget-container\">\n\t\t\t<p class=\"elementor-heading-title elementor-size-default\">Department of Radio and Television in Katowice <\/p>\t\t<\/div>\n\t\t\t\t<\/div>\n\t\t\t\t<div class=\"elementor-element elementor-element-f749b78 elementor-widget-laptop__width-initial elementor-widget elementor-widget-heading\" data-id=\"f749b78\" data-element_type=\"widget\" data-widget_type=\"heading.default\">\n\t\t\t\t<div class=\"elementor-widget-container\">\n\t\t\t<p class=\"elementor-heading-title elementor-size-default\">_2013_THE BEST PUBLIC SPACE in the Silesian Voivodeship<\/p>\t\t<\/div>\n\t\t\t\t<\/div>\n\t\t\t\t<div class=\"elementor-element elementor-element-52edaa9 elementor-widget elementor-widget-heading\" data-id=\"52edaa9\" data-element_type=\"widget\" data-widget_type=\"heading.default\">\n\t\t\t\t<div class=\"elementor-widget-container\">\n\t\t\t<p class=\"elementor-heading-title elementor-size-default\">Sports facilities \"Ba\u017cantowo Sport\" in Katowice<\/p>\t\t<\/div>\n\t\t\t\t<\/div>\n\t\t\t\t<div class=\"elementor-element elementor-element-a0c87be elementor-widget-laptop__width-initial elementor-widget elementor-widget-heading\" data-id=\"a0c87be\" data-element_type=\"widget\" data-widget_type=\"heading.default\">\n\t\t\t\t<div class=\"elementor-widget-container\">\n\t\t\t<p class=\"elementor-heading-title elementor-size-default\">_2012_OBJECT OF THE YEAR DISTINCTION<\/p>\t\t<\/div>\n\t\t\t\t<\/div>\n\t\t\t\t<div class=\"elementor-element elementor-element-1b8d277 elementor-widget elementor-widget-heading\" data-id=\"1b8d277\" data-element_type=\"widget\" data-widget_type=\"heading.default\">\n\t\t\t\t<div class=\"elementor-widget-container\">\n\t\t\t<p class=\"elementor-heading-title elementor-size-default\">Modernist Enclave - building complex with single and multi-family housing in Katowice <\/p>\t\t<\/div>\n\t\t\t\t<\/div>\n\t\t\t\t<div class=\"elementor-element elementor-element-eb526c3 elementor-widget-laptop__width-initial elementor-widget elementor-widget-heading\" data-id=\"eb526c3\" data-element_type=\"widget\" data-widget_type=\"heading.default\">\n\t\t\t\t<div class=\"elementor-widget-container\">\n\t\t\t<p class=\"elementor-heading-title elementor-size-default\">_2011_INTERIOR OF THE YEAR in the Silesian Voivodeship <\/p>\t\t<\/div>\n\t\t\t\t<\/div>\n\t\t\t\t<div class=\"elementor-element elementor-element-5d929ae elementor-widget elementor-widget-heading\" data-id=\"5d929ae\" data-element_type=\"widget\" data-widget_type=\"heading.default\">\n\t\t\t\t<div class=\"elementor-widget-container\">\n\t\t\t<p class=\"elementor-heading-title elementor-size-default\">Training center ING Silesian Bank in Katowice<\/p>\t\t<\/div>\n\t\t\t\t<\/div>\n\t\t\t\t\t<\/div>\n\t\t<\/div>\n\t\t\t\t\t\t\t<\/div>\n\t\t<\/section>\n\t\t\t\t<section class=\"elementor-section elementor-top-section elementor-element elementor-element-55602a7 elementor-section-boxed elementor-section-height-default elementor-section-height-default\" data-id=\"55602a7\" data-element_type=\"section\" data-settings=\"{&quot;_ha_eqh_enable&quot;:false}\">\n\t\t\t\t\t\t<div class=\"elementor-container elementor-column-gap-default\">\n\t\t\t\t\t<div class=\"elementor-column elementor-col-100 elementor-top-column elementor-element elementor-element-a4e7a2a\" data-id=\"a4e7a2a\" data-element_type=\"column\">\n\t\t\t<div class=\"elementor-widget-wrap\">\n\t\t\t\t\t\t\t\t\t<\/div>\n\t\t<\/div>\n\t\t\t\t\t\t\t<\/div>\n\t\t<\/section>\n\t\t\t\t\t\t\t<\/div>","protected":false},"excerpt":{"rendered":"<p>MA\u0141ECCY biuro projektowe&nbsp;funkcjonuje&nbsp;na rynku&nbsp;od 1997 roku.&nbsp; Joanna i Wojciech Ma\u0142eccy&nbsp;to jeden z ciekawszych duet\u00f3w architektonicznych ostatnich lat. S\u0105 wsp\u00f3\u0142autorami najlepszego na \u015bwiecie budynku z&nbsp;u\u017cyciem&nbsp;ceramiki\u2013 siedziby WRiTV w Katowicach,&nbsp;a tak\u017ce&nbsp;licznie nagradzanego budynku mieszkalnego Nowy Weron w Rudzie \u015al\u0105skiej, b\u0119d\u0105cego wsp\u00f3\u0142czesn\u0105 wizj\u0105 \u015bl\u0105skiego&nbsp;\u201efamiloka&#8221;. Biuro&nbsp;w swoich projektach&nbsp;od lat czerpie inspiracje z \u015al\u0105skiej tradycji zmierzaj\u0105c si\u0119 w swoich projektach &hellip;<\/p>\n<p class=\"read-more\"> <a class=\"\" href=\"https:\/\/maleccy.com\/en\/o-nas\/\"> <span class=\"screen-reader-text\">O nas<\/span> Read More &raquo;<\/a><\/p>","protected":false},"author":1,"featured_media":0,"parent":0,"menu_order":0,"comment_status":"closed","ping_status":"closed","template":"elementor_header_footer","meta":{"site-sidebar-layout":"default","site-content-layout":"default","ast-global-header-display":"","ast-banner-title-visibility":"","ast-main-header-display":"","ast-hfb-above-header-display":"","ast-hfb-below-header-display":"","ast-hfb-mobile-header-display":"","site-post-title":"","ast-breadcrumbs-content":"","ast-featured-img":"","footer-sml-layout":"","theme-transparent-header-meta":"","adv-header-id-meta":"","stick-header-meta":"","header-above-stick-meta":"","header-main-stick-meta":"","header-below-stick-meta":"","footnotes":""},"class_list":["post-26","page","type-page","status-publish","hentry"],"_links":{"self":[{"href":"https:\/\/maleccy.com\/en\/wp-json\/wp\/v2\/pages\/26","targetHints":{"allow":["GET"]}}],"collection":[{"href":"https:\/\/maleccy.com\/en\/wp-json\/wp\/v2\/pages"}],"about":[{"href":"https:\/\/maleccy.com\/en\/wp-json\/wp\/v2\/types\/page"}],"author":[{"embeddable":true,"href":"https:\/\/maleccy.com\/en\/wp-json\/wp\/v2\/users\/1"}],"replies":[{"embeddable":true,"href":"https:\/\/maleccy.com\/en\/wp-json\/wp\/v2\/comments?post=26"}],"version-history":[{"count":523,"href":"https:\/\/maleccy.com\/en\/wp-json\/wp\/v2\/pages\/26\/revisions"}],"predecessor-version":[{"id":7487,"href":"https:\/\/maleccy.com\/en\/wp-json\/wp\/v2\/pages\/26\/revisions\/7487"}],"wp:attachment":[{"href":"https:\/\/maleccy.com\/en\/wp-json\/wp\/v2\/media?parent=26"}],"curies":[{"name":"wp","href":"https:\/\/api.w.org\/{rel}","templated":true}]}}